{"id":5,"date":"2013-02-14T17:17:31","date_gmt":"2013-02-14T16:17:31","guid":{"rendered":"http:\/\/bitss.pl\/?page_id=5"},"modified":"2013-04-08T16:38:16","modified_gmt":"2013-04-08T14:38:16","slug":"realizacje","status":"publish","type":"page","link":"https:\/\/bitss.pl\/?page_id=5","title":{"rendered":"Projekty"},"content":{"rendered":"<h5>W bran\u017cy informatycznej istniejemy od roku 1999\/2000. Realizacje:<\/h5>\n<table>\n<tbody>\n<tr>\n<td><strong>Budowa wielu rozleg\u0142ych sieci informatycznych na terenie miasta Tarnowa<\/strong><br \/>\nZaprojektowane i wykonane przez nasz\u0105 firm\u0119 sieci dzia\u0142a\u0142y przez kilka lat przy ulicy Jastruna, Koszyckiej, Mo\u015bcickiego, Chyszowskiej, Ko\u015bciuszki. Sieci zosta\u0142y przekazane lokalnym dostawcom ISP.<\/td>\n<td><strong>Kilkuletnia wsp\u00f3\u0142praca z firma <a href=\"http:\/\/qumak.pl\" target=\"_blank\">Qumak-Sekom S.A<\/a><\/strong><br \/>\nPraca zawodowa. Nast\u0119pnie wsp\u00f3\u0142praca przy wdro\u017ceniu produktu QS aplikacji SalonNet dla sieci salon\u00f3w Reporter.<\/td>\n<td><strong>Kilkuletnia wsp\u00f3\u0142praca z firma <a href=\"http:\/\/miggroup.com\" target=\"_blank\">Marketing Investment Group sp.z o.o.<\/a><br \/>\n<\/strong>Praca zawodowa. Projekt sieci, nowej serwerowni, wdro\u017cenie system\u00f3w serwerowych Microsoft Windows, AD, TS, SQL Cluster, Exchange, ERP MS Navision.<\/td>\n<\/tr>\n<tr>\n<td><strong><a href=\"http:\/\/aduma.pl\" target=\"_blank\">HiMedia<\/a>\u00a0sp.z o.o.<br \/>\n<\/strong>Projekt i realizacja systemu zintegrowanej prezentacji reklam multimedialnych na zaprojektowanych przez firme HiMedia 110 calowych ekranach. Szeroko poj\u0119ta wsp\u00f3\u0142praca z firma ImpressX \u2013 pod\u0142oga interaktywna, systemy multimedialne dla FashionTV oraz FashionBar\u2019\u00f3w na terenie ca\u0142ego \u015bwiata.<\/td>\n<td><strong><a href=\"http:\/\/galeriakazimierz.pl\" target=\"_blank\">Galeria Kazimierz<\/a> w Krakwowie &#8211; GTC S.A<\/strong><br \/>\nKilkuletnia wspo\u0142praca z Galeria Kazimierz w Krakowie. Administracja sieci\u0105 firmow\u0105 biura Galerii, Administracja systemami statystyk InfoDev.<\/td>\n<td><strong>Klinika Kardiologiczna Kardiomed w Tarnowie<\/strong><br \/>\nProjekt rozwi\u0105zania sieciowego backup\u2019u danych, administracja serwerem firmowym<\/td>\n<\/tr>\n<tr>\n<td><strong><a href=\"http:\/\/galeriausmiechu.pl\" target=\"_blank\">Galeria Usmiechu w Krakowie<\/a><br \/>\n<\/strong>Administracja systemami IT klikniki stomatologicznej, zarz\u0105dzanie serwerem, polityka bezpiecze\u0144stwa sieci wewn\u0119trznej, zarz\u0105dzanie aplikacja prodentis, CCTV.<\/td>\n<td><strong><a href=\"http:\/\/premium.info.pl\/\" target=\"_blank\">Premium<\/a>\u00a0sp.z o.o. ( Krak\u00f3w, D\u0105browa G\u00f3rnicza)Projekt sieci firmowej, wdro\u017cenie Microsoft AD, przygotowania do MS Exchange.<\/strong><br \/>\nZarzadzanie infrastruktura, aplikacja sk\u0142adu celnego, polityki bezpiecze\u0144stwa, projekt i budowa CCTV<\/td>\n<td><strong>BrandBQ sp.z o.o (\u00a0<a href=\"http:\/\/reporter.com.pl\/\" target=\"_blank\">Reporter.com.pl<\/a>)<br \/>\n<\/strong>Projekt i przebudowa infrastruktury. Administracja \u015brodowiskiem 24h\/dob\u0119, support dla 60 Salon\u00f3w Reporter w ca\u0142ej Polsce. Support dla sklepu online Reporter.<\/td>\n<\/tr>\n<tr>\n<td><strong>Klinika stomatologiczna\u00a0<a href=\"http:\/\/zdanowski.pl\/\" target=\"_blank\">Krzysztof Zdanowski<\/a><\/strong><br \/>\nProjekt i wykonanie infrastruktury sieciowej, serwerowej, wdro\u017cenie Microsoft SBS, AD, Backup danych.\u00a0 Projekt i budowa CCTV<\/td>\n<td><strong><strong>Strony, portale, sklepy internetowe<\/strong><br \/>\n<\/strong>Projekt i budowa witryn internetowych dla naszych klient\u00f3w<\/td>\n<td><strong>Biurowiec przy ul. Szlak 67 w Krakowie<\/strong><br \/>\nProjekt i wykonanie infrastruktury sieciowej, Qos, polityki bezpiecze\u0144stwa.<\/td>\n<\/tr>\n<tr>\n<td><strong><a href=\"http:\/\/codewise.pl\/\">CodeWise.pl<br \/>\n<\/a><\/strong>Projekt i wykonanie infrastruktury serwerowej ( ActiveDirectory, Terminal Services, HyperV) oraz zabezpieczenie sieci LAN.<\/td>\n<td><strong><a href=\"http:\/\/diskus.pl\/\" target=\"_blank\">Diskus.pl<\/a><\/strong><br \/>\nPrzej\u0119cie zarz\u0105dzania infrastruktura sieciow\u0105 i serwerow\u0105, projekt i przebudowa infrastruktury, wdro\u017cenie ActiveDirectory, Terminal Services, HyperV, SQL Server. Wspolpraca z dostawca aplikacji Optima, CDN Partner.<\/td>\n<td><strong>WearCo sp.z o.o (\u00a0<a href=\"http:\/\/answear.com\/\">Answear.com<\/a>)<\/strong><br \/>\nDostawca us\u0142ug IT, helpdesk i wsparcie dla sklep\u00f3w stacjonarnych i online answear.com<\/td>\n<\/tr>\n<tr>\n<td><\/td>\n<td><\/td>\n<td><\/td>\n<\/tr>\n<\/tbody>\n<\/table>\n","protected":false},"excerpt":{"rendered":"<p>W bran\u017cy informatycznej istniejemy od roku 1999\/2000. Realizacje: Budowa wielu rozleg\u0142ych sieci informatycznych na terenie miasta Tarnowa Zaprojektowane i wykonane przez nasz\u0105 firm\u0119 sieci dzia\u0142a\u0142y przez kilka lat przy ulicy Jastruna, Koszyckiej, Mo\u015bcickiego, Chyszowskiej, Ko\u015bciuszki. Sieci zosta\u0142y przekazane lokalnym dostawcom ISP. Kilkuletnia wsp\u00f3\u0142praca z firma Qumak-Sekom S.A Praca zawodowa. Nast\u0119pnie wsp\u00f3\u0142praca przy wdro\u017ceniu produktu QS [&hellip;]<\/p>\n","protected":false},"author":1,"featured_media":0,"parent":0,"menu_order":0,"comment_status":"open","ping_status":"open","template":"template-page-fullwidth.php","meta":{"footnotes":""},"class_list":["post-5","page","type-page","status-publish","hentry"],"_links":{"self":[{"href":"https:\/\/bitss.pl\/index.php?rest_route=\/wp\/v2\/pages\/5","targetHints":{"allow":["GET"]}}],"collection":[{"href":"https:\/\/bitss.pl\/index.php?rest_route=\/wp\/v2\/pages"}],"about":[{"href":"https:\/\/bitss.pl\/index.php?rest_route=\/wp\/v2\/types\/page"}],"author":[{"embeddable":true,"href":"https:\/\/bitss.pl\/index.php?rest_route=\/wp\/v2\/users\/1"}],"replies":[{"embeddable":true,"href":"https:\/\/bitss.pl\/index.php?rest_route=%2Fwp%2Fv2%2Fcomments&post=5"}],"version-history":[{"count":45,"href":"https:\/\/bitss.pl\/index.php?rest_route=\/wp\/v2\/pages\/5\/revisions"}],"predecessor-version":[{"id":123,"href":"https:\/\/bitss.pl\/index.php?rest_route=\/wp\/v2\/pages\/5\/revisions\/123"}],"wp:attachment":[{"href":"https:\/\/bitss.pl\/index.php?rest_route=%2Fwp%2Fv2%2Fmedia&parent=5"}],"curies":[{"name":"wp","href":"https:\/\/api.w.org\/{rel}","templated":true}]}}