{"id":6,"date":"2013-02-14T17:17:51","date_gmt":"2013-02-14T16:17:51","guid":{"rendered":"http:\/\/bitss.pl\/?page_id=6"},"modified":"2013-05-06T10:58:54","modified_gmt":"2013-05-06T08:58:54","slug":"wspolpraca","status":"publish","type":"page","link":"https:\/\/bitss.pl\/?page_id=6","title":{"rendered":"Nasza oferta"},"content":{"rendered":"<h5>W czym mo\u017cemy pom\u00f3c?<\/h5>\n<ul>\n<li>Dostarczymy naszych specjalist\u00f3w, ludzi m\u0142odych, ale do\u015bwiadczonych w swoich bran\u017cach. Sta\u017c oraz zrealizowane projekty pozwalaj\u0105 nam uwa\u017ca\u0107 si\u0119 za profesjonalist\u00f3w.<\/li>\n<li>Zapewnimy sprz\u0119t komputerowy: serwery, notebooki, komputery stacjonarne,\u00a0 stacje robocze, urz\u0105dzenia peryferyjne i sieciowe.<\/li>\n<li>Dobierzemy aplikacje\u00a0 \u2013 od prostych aplikacji antywirusowych do skomplikowanych system\u00f3w CMS, CRM, ERP, POS itp.<\/li>\n<li>Wykonamy Serwis \u2013 sprz\u0119t komputerowy psuje si\u0119 jak ka\u017cdy inny, wymaga te\u017c przegl\u0105d\u00f3w i konserwacji. Kilkuletnie do\u015bwiadczenie na stanowiskach specjalist\u00f3w do spraw serwisu daje naszym klientom pewno\u015b\u0107, \u017ce sprz\u0119t powierzony w nasze r\u0119ce jest bezpieczny i zawsze zostanie oddany w idealnej kondycji.<\/li>\n<li>Zaprojektujemy rozwi\u0105zania serwerowe (Microsoft, Linux, HyperV, Oracle VM)<\/li>\n<li>Zapewnimy zdaln\u0105 i lokaln\u0105 administracj\u0119 infrastruktur\u0105 IT (24h\/dob\u0119)<\/li>\n<\/ul>\n<p><strong>Ponadto w naszej ofercie znajdziesz :<\/strong><\/p>\n<ul>\n<li>Serwery wirtualne<\/li>\n<li>Hosting witryn internetowych<\/li>\n<li>Utrzymanie domen internetowych<\/li>\n<li>Utrzymanie i administracja firmow\u0105 poczta e-mail<\/li>\n<li>Lokalny i zdalny backup danych<\/li>\n<li>Helpdesk 24h<\/li>\n<li>Administracje systemami informatyczymi<\/li>\n<li>Projekty sieci, okablowania,\u00a0 klimatyzacji technicznej, instalacji elektrycznych<\/li>\n<li>Projekty serwerownii<\/li>\n<li>Witryny i aplikacje internetowe<\/li>\n<li>\u015arodowiska pod wdro\u017cenia aplikacji : (Microsoft Windows Server, Active Directory, Terminal Services, systemy poczty Exchange, inne)<\/li>\n<li>projekty sieci LAN jak i rozleg\u0142ych ( WAN, VPN)<\/li>\n<\/ul>\n","protected":false},"excerpt":{"rendered":"<p>W czym mo\u017cemy pom\u00f3c? Dostarczymy naszych specjalist\u00f3w, ludzi m\u0142odych, ale do\u015bwiadczonych w swoich bran\u017cach. Sta\u017c oraz zrealizowane projekty pozwalaj\u0105 nam uwa\u017ca\u0107 si\u0119 za profesjonalist\u00f3w. Zapewnimy sprz\u0119t komputerowy: serwery, notebooki, komputery stacjonarne,\u00a0 stacje robocze, urz\u0105dzenia peryferyjne i sieciowe. Dobierzemy aplikacje\u00a0 \u2013 od prostych aplikacji antywirusowych do skomplikowanych system\u00f3w CMS, CRM, ERP, POS itp. Wykonamy Serwis \u2013 [&hellip;]<\/p>\n","protected":false},"author":1,"featured_media":0,"parent":0,"menu_order":0,"comment_status":"open","ping_status":"open","template":"template-page-fullwidth.php","meta":{"footnotes":""},"class_list":["post-6","page","type-page","status-publish","hentry"],"_links":{"self":[{"href":"https:\/\/bitss.pl\/index.php?rest_route=\/wp\/v2\/pages\/6","targetHints":{"allow":["GET"]}}],"collection":[{"href":"https:\/\/bitss.pl\/index.php?rest_route=\/wp\/v2\/pages"}],"about":[{"href":"https:\/\/bitss.pl\/index.php?rest_route=\/wp\/v2\/types\/page"}],"author":[{"embeddable":true,"href":"https:\/\/bitss.pl\/index.php?rest_route=\/wp\/v2\/users\/1"}],"replies":[{"embeddable":true,"href":"https:\/\/bitss.pl\/index.php?rest_route=%2Fwp%2Fv2%2Fcomments&post=6"}],"version-history":[{"count":10,"href":"https:\/\/bitss.pl\/index.php?rest_route=\/wp\/v2\/pages\/6\/revisions"}],"predecessor-version":[{"id":160,"href":"https:\/\/bitss.pl\/index.php?rest_route=\/wp\/v2\/pages\/6\/revisions\/160"}],"wp:attachment":[{"href":"https:\/\/bitss.pl\/index.php?rest_route=%2Fwp%2Fv2%2Fmedia&parent=6"}],"curies":[{"name":"wp","href":"https:\/\/api.w.org\/{rel}","templated":true}]}}